{"id":334,"date":"2022-06-23T09:01:31","date_gmt":"2022-06-23T09:01:31","guid":{"rendered":"https:\/\/campaigns.elblogdeidiomas.es\/formati-e-spazi"},"modified":"2023-01-31T12:06:34","modified_gmt":"2023-01-31T12:06:34","slug":"formati-e-spazi","status":"publish","type":"page","link":"https:\/\/campaigns.elblogdeidiomas.es\/it\/formati-e-spazi\/","title":{"rendered":"Formati e spazi"},"content":{"rendered":"\t\t<div data-elementor-type=\"wp-page\" data-elementor-id=\"334\" class=\"elementor elementor-334 elementor-130\">\n\t\t\t\t\t\t<section class=\"elementor-section elementor-top-section elementor-element elementor-element-165445f elementor-section-boxed elementor-section-height-default elementor-section-height-default\" data-id=\"165445f\" data-element_type=\"section\" data-e-type=\"section\">\n\t\t\t\t\t\t<div class=\"elementor-container elementor-column-gap-default\">\n\t\t\t\t\t<div class=\"elementor-column elementor-col-100 elementor-top-column elementor-element elementor-element-b175359\" data-id=\"b175359\" data-element_type=\"column\" data-e-type=\"column\">\n\t\t\t<div class=\"elementor-widget-wrap elementor-element-populated\">\n\t\t\t\t\t\t<div class=\"elementor-element elementor-element-e805151 elementor-widget elementor-widget-text-editor\" data-id=\"e805151\" data-element_type=\"widget\" data-e-type=\"widget\" data-widget_type=\"text-editor.default\">\n\t\t\t\t<div class=\"elementor-widget-container\">\n\t\t\t\t\t\t\t\t\t<p><\/p>\n<h1 style=\"text-align: center; max-width: 650px; margin: auto; margin-top: 3rem;\">Formati e spazi disponibili.<\/h1>\n<p> <\/p>\n<p><span style=\"font-weight: 400;\">S\u00ec,<\/span> <i><span style=\"font-weight: 400;\">Elblogdeidiomas.es<\/span><\/i> <span style=\"font-weight: 400;\">\u00e8 il luogo ideale per la vostra azienda!<\/span><\/p>\n<p><\/p>\t\t\t\t\t\t\t\t<\/div>\n\t\t\t\t<\/div>\n\t\t\t\t\t<\/div>\n\t\t<\/div>\n\t\t\t\t\t<\/div>\n\t\t<\/section>\n\t\t\t\t<section class=\"elementor-section elementor-top-section elementor-element elementor-element-6d26236 elementor-section-boxed elementor-section-height-default elementor-section-height-default\" data-id=\"6d26236\" data-element_type=\"section\" data-e-type=\"section\">\n\t\t\t\t\t\t<div class=\"elementor-container elementor-column-gap-default\">\n\t\t\t\t\t<div class=\"elementor-column elementor-col-100 elementor-top-column elementor-element elementor-element-5c05412\" data-id=\"5c05412\" data-element_type=\"column\" data-e-type=\"column\">\n\t\t\t<div class=\"elementor-widget-wrap elementor-element-populated\">\n\t\t\t\t\t\t<div class=\"elementor-element elementor-element-03b145f elementor-tabs-alignment-center elementor-tabs-view-horizontal elementor-widget elementor-widget-tabs\" data-id=\"03b145f\" data-element_type=\"widget\" data-e-type=\"widget\" data-widget_type=\"tabs.default\">\n\t\t\t\t<div class=\"elementor-widget-container\">\n\t\t\t\t\t\t\t<div class=\"elementor-tabs\">\n\t\t\t<div class=\"elementor-tabs-wrapper\" role=\"tablist\" >\n\t\t\t\t\t\t\t\t\t<div id=\"elementor-tab-title-3871\" class=\"elementor-tab-title elementor-tab-desktop-title\" aria-selected=\"true\" data-tab=\"1\" role=\"tab\" tabindex=\"0\" aria-controls=\"elementor-tab-content-3871\" aria-expanded=\"false\">Banner A<\/div>\n\t\t\t\t\t\t\t\t\t<div id=\"elementor-tab-title-3872\" class=\"elementor-tab-title elementor-tab-desktop-title\" aria-selected=\"false\" data-tab=\"2\" role=\"tab\" tabindex=\"-1\" aria-controls=\"elementor-tab-content-3872\" aria-expanded=\"false\">Banner B<\/div>\n\t\t\t\t\t\t\t\t\t<div id=\"elementor-tab-title-3873\" class=\"elementor-tab-title elementor-tab-desktop-title\" aria-selected=\"false\" data-tab=\"3\" role=\"tab\" tabindex=\"-1\" aria-controls=\"elementor-tab-content-3873\" aria-expanded=\"false\">Banner C<\/div>\n\t\t\t\t\t\t\t\t\t<div id=\"elementor-tab-title-3874\" class=\"elementor-tab-title elementor-tab-desktop-title\" aria-selected=\"false\" data-tab=\"4\" role=\"tab\" tabindex=\"-1\" aria-controls=\"elementor-tab-content-3874\" aria-expanded=\"false\">Notizie D<\/div>\n\t\t\t\t\t\t\t\t\t<div id=\"elementor-tab-title-3875\" class=\"elementor-tab-title elementor-tab-desktop-title\" aria-selected=\"false\" data-tab=\"5\" role=\"tab\" tabindex=\"-1\" aria-controls=\"elementor-tab-content-3875\" aria-expanded=\"false\">Notizie E<\/div>\n\t\t\t\t\t\t\t<\/div>\n\t\t\t<div class=\"elementor-tabs-content-wrapper\" role=\"tablist\" aria-orientation=\"vertical\">\n\t\t\t\t\t\t\t\t\t<div class=\"elementor-tab-title elementor-tab-mobile-title\" aria-selected=\"true\" data-tab=\"1\" role=\"tab\" tabindex=\"0\" aria-controls=\"elementor-tab-content-3871\" aria-expanded=\"false\">Banner A<\/div>\n\t\t\t\t\t<div id=\"elementor-tab-content-3871\" class=\"elementor-tab-content elementor-clearfix\" data-tab=\"1\" role=\"tabpanel\" aria-labelledby=\"elementor-tab-title-3871\" tabindex=\"0\" hidden=\"false\"><div class=\"row\">\n<div class=\"col-6\">\n<p><img fetchpriority=\"high\" decoding=\"async\" class=\"alignnone wp-image-198 size-full\" src=\"https:\/\/campaigns.elblogdeidiomas.es\/wp-content\/uploads\/2022\/07\/banner-a.png\" alt=\"\" width=\"974\" height=\"546\" srcset=\"https:\/\/campaigns.elblogdeidiomas.es\/wp-content\/uploads\/2022\/07\/banner-a.png 974w, https:\/\/campaigns.elblogdeidiomas.es\/wp-content\/uploads\/2022\/07\/banner-a-300x168.png 300w, https:\/\/campaigns.elblogdeidiomas.es\/wp-content\/uploads\/2022\/07\/banner-a-768x431.png 768w\" sizes=\"(max-width: 974px) 100vw, 974px\" \/><\/p>\n<\/div>\n<div class=\"col-6\">\n<h2> <\/h2>\n<h2>BANNER A<\/h2>\n<ul>\n<li>Presenza su tutte le pagine (header) di <em>Elblogdeidiomas.es<\/em><\/li>\n<\/ul>\n<\/div>\n<\/div>\n<\/div>\n\t\t\t\t\t\t\t\t\t<div class=\"elementor-tab-title elementor-tab-mobile-title\" aria-selected=\"false\" data-tab=\"2\" role=\"tab\" tabindex=\"-1\" aria-controls=\"elementor-tab-content-3872\" aria-expanded=\"false\">Banner B<\/div>\n\t\t\t\t\t<div id=\"elementor-tab-content-3872\" class=\"elementor-tab-content elementor-clearfix\" data-tab=\"2\" role=\"tabpanel\" aria-labelledby=\"elementor-tab-title-3872\" tabindex=\"0\" hidden=\"hidden\"><div class=\"row\">\n<div class=\"col-6\">\n<p><img decoding=\"async\" class=\"alignnone wp-image-203 size-full\" src=\"https:\/\/campaigns.elblogdeidiomas.es\/wp-content\/uploads\/2022\/07\/diseno-web.png\" alt=\"\" width=\"974\" height=\"546\" srcset=\"https:\/\/campaigns.elblogdeidiomas.es\/wp-content\/uploads\/2022\/07\/diseno-web.png 974w, https:\/\/campaigns.elblogdeidiomas.es\/wp-content\/uploads\/2022\/07\/diseno-web-300x168.png 300w, https:\/\/campaigns.elblogdeidiomas.es\/wp-content\/uploads\/2022\/07\/diseno-web-768x431.png 768w\" sizes=\"(max-width: 974px) 100vw, 974px\" \/><\/p>\n<\/div>\n<div class=\"col-6\">\n<h2> <\/h2>\n<h2>BANNER B<\/h2>\n<ul>\n<li>Presenza in cima alla Top 10 degli articoli pi\u00f9 visitati di <em>Elblogdeidiomas.es<\/em><\/li>\n<\/ul>\n<\/div>\n<\/div>\n<\/div>\n\t\t\t\t\t\t\t\t\t<div class=\"elementor-tab-title elementor-tab-mobile-title\" aria-selected=\"false\" data-tab=\"3\" role=\"tab\" tabindex=\"-1\" aria-controls=\"elementor-tab-content-3873\" aria-expanded=\"false\">Banner C<\/div>\n\t\t\t\t\t<div id=\"elementor-tab-content-3873\" class=\"elementor-tab-content elementor-clearfix\" data-tab=\"3\" role=\"tabpanel\" aria-labelledby=\"elementor-tab-title-3873\" tabindex=\"0\" hidden=\"hidden\"><div class=\"row\">\n<div class=\"col-6\">\n<p><img decoding=\"async\" class=\"alignnone wp-image-194 size-full\" src=\"https:\/\/campaigns.elblogdeidiomas.es\/wp-content\/uploads\/2022\/07\/banner-c.png\" alt=\"\" width=\"973\" height=\"521\" srcset=\"https:\/\/campaigns.elblogdeidiomas.es\/wp-content\/uploads\/2022\/07\/banner-c.png 973w, https:\/\/campaigns.elblogdeidiomas.es\/wp-content\/uploads\/2022\/07\/banner-c-300x161.png 300w, https:\/\/campaigns.elblogdeidiomas.es\/wp-content\/uploads\/2022\/07\/banner-c-768x411.png 768w\" sizes=\"(max-width: 973px) 100vw, 973px\" \/><\/p>\n<\/div>\n<div class=\"col-6\">\n<h2> <\/h2>\n<h2>BANNER C<\/h2>\n<ul>\n<li>Banner all&#8217;interno delle notizie dei 10 articoli pi\u00f9 visitati di <em>Elblogdeidiomas.es<\/em><\/li>\n<\/ul>\n<\/div>\n<\/div>\n<\/div>\n\t\t\t\t\t\t\t\t\t<div class=\"elementor-tab-title elementor-tab-mobile-title\" aria-selected=\"false\" data-tab=\"4\" role=\"tab\" tabindex=\"-1\" aria-controls=\"elementor-tab-content-3874\" aria-expanded=\"false\">Notizie D<\/div>\n\t\t\t\t\t<div id=\"elementor-tab-content-3874\" class=\"elementor-tab-content elementor-clearfix\" data-tab=\"4\" role=\"tabpanel\" aria-labelledby=\"elementor-tab-title-3874\" tabindex=\"0\" hidden=\"hidden\"><div class=\"row\">\n<div class=\"col-6\">\n<p><img loading=\"lazy\" decoding=\"async\" class=\"alignnone wp-image-196 size-full\" src=\"https:\/\/campaigns.elblogdeidiomas.es\/wp-content\/uploads\/2022\/07\/NOTICIA-D.png\" alt=\"\" width=\"973\" height=\"521\" srcset=\"https:\/\/campaigns.elblogdeidiomas.es\/wp-content\/uploads\/2022\/07\/NOTICIA-D.png 973w, https:\/\/campaigns.elblogdeidiomas.es\/wp-content\/uploads\/2022\/07\/NOTICIA-D-300x161.png 300w, https:\/\/campaigns.elblogdeidiomas.es\/wp-content\/uploads\/2022\/07\/NOTICIA-D-768x411.png 768w\" sizes=\"(max-width: 973px) 100vw, 973px\" \/><\/p>\n<\/div>\n<div class=\"col-6\">\n<h2>&nbsp;<\/h2>\n<h2>Notizie D<\/h2>\n<p><span style=\"font-weight: 400;\">Articolo di blog con link DoFollow &#8211; include scrittura e video incorporato. <\/span><em><span style=\"font-weight: 400;\">*Il video sar\u00e0 pubblicato sul canale Youtube di Elblogdeidiomas, sar\u00e0 inserito nell&#8217;articolo e sar\u00e0 condiviso anche sui social network.<\/span><\/em><\/p>\n<\/p>\n<p>Authority Score: 43.<\/p>\n<\/div>\n<\/div>\n<\/div>\n\t\t\t\t\t\t\t\t\t<div class=\"elementor-tab-title elementor-tab-mobile-title\" aria-selected=\"false\" data-tab=\"5\" role=\"tab\" tabindex=\"-1\" aria-controls=\"elementor-tab-content-3875\" aria-expanded=\"false\">Notizie E<\/div>\n\t\t\t\t\t<div id=\"elementor-tab-content-3875\" class=\"elementor-tab-content elementor-clearfix\" data-tab=\"5\" role=\"tabpanel\" aria-labelledby=\"elementor-tab-title-3875\" tabindex=\"0\" hidden=\"hidden\"><div class=\"row\">\n<div class=\"col-6\">\n<p><img loading=\"lazy\" decoding=\"async\" class=\"aligncenter wp-image-197 size-full\" src=\"https:\/\/campaigns.elblogdeidiomas.es\/wp-content\/uploads\/2022\/07\/noticia-e.png\" alt=\"\" width=\"973\" height=\"521\" srcset=\"https:\/\/campaigns.elblogdeidiomas.es\/wp-content\/uploads\/2022\/07\/noticia-e.png 973w, https:\/\/campaigns.elblogdeidiomas.es\/wp-content\/uploads\/2022\/07\/noticia-e-300x161.png 300w, https:\/\/campaigns.elblogdeidiomas.es\/wp-content\/uploads\/2022\/07\/noticia-e-768x411.png 768w\" sizes=\"(max-width: 973px) 100vw, 973px\" \/><\/p>\n<\/div>\n<div class=\"col-6\">\n<h2> <\/h2>\n<h2>Notizie E<\/h2>\n<p><span style=\"font-weight: 400;\">Articolo di blog con link DoFollow &#8211; non include scrittura o video incorporato. <\/span><span style=\"font-size: 1rem;\">Authority Score: 43.<\/span><\/div>\n<\/div>\n<\/div>\n\t\t\t\t\t\t\t<\/div>\n\t\t<\/div>\n\t\t\t\t\t\t<\/div>\n\t\t\t\t<\/div>\n\t\t\t\t<div class=\"elementor-element elementor-element-20122e1 elementor-widget elementor-widget-text-editor\" data-id=\"20122e1\" data-element_type=\"widget\" data-e-type=\"widget\" data-widget_type=\"text-editor.default\">\n\t\t\t\t<div class=\"elementor-widget-container\">\n\t\t\t\t\t\t\t\t\t<p><style type=\"text\/css\">\n.tg  {border-collapse:collapse;border-spacing:0;}<br \/>\n.tg td{border-color:black;border-style:solid;border-width:1px;font-family:Arial, sans-serif;font-size:14px;<br \/>\n  overflow:hidden;padding:10px 5px;word-break:normal;}<br \/>\n.tg th{border-color:black;border-style:solid;border-width:1px;font-family:Arial, sans-serif;font-size:14px;<br \/>\n  font-weight:normal;overflow:hidden;padding:10px 5px;word-break:normal;}<br \/>\n.tg .tg-c3ow{border-color:inherit;text-align:center;vertical-align:top}<br \/>\n.tg .tg-0pky{border-color:inherit;text-align:left;vertical-align:top}<br \/>\n<\/style><\/p>\n<table class=\"tg\" style=\"display:none;\">\n<thead>\n<tr>\n<th class=\"tg-c3ow\">Opzione<\/th>\n<th class=\"tg-c3ow\">Tipo<\/th>\n<th class=\"tg-0pky\">Zona<\/th>\n<th class=\"tg-c3ow\">Stampa minima<\/th>\n<\/tr>\n<\/thead>\n<tbody>\n<tr>\n<td class=\"tg-c3ow\">A<\/td>\n<td class=\"tg-c3ow\">Banner<\/td>\n<td class=\"tg-0pky\">Tutte le pagine (intestazione)<\/td>\n<td class=\"tg-c3ow\">200.000 &#8211; 300.000<\/td>\n<\/tr>\n<tr>\n<td class=\"tg-c3ow\">B<\/td>\n<td class=\"tg-c3ow\">Banner<\/td>\n<td class=\"tg-0pky\">I 10 messaggi pi\u00f9 visti (cabecera)<\/td>\n<td class=\"tg-c3ow\">120.000 &#8211; 150.000<\/td>\n<\/tr>\n<tr>\n<td class=\"tg-c3ow\">C<\/td>\n<td class=\"tg-c3ow\">Banner<\/td>\n<td class=\"tg-0pky\">I 10 post pi\u00f9 visti (noticia interior)<\/td>\n<td class=\"tg-c3ow\">120.000 &#8211; 150.000<\/td>\n<\/tr>\n<tr>\n<td class=\"tg-c3ow\">D<\/td>\n<td class=\"tg-c3ow\">Notizie<\/td>\n<td class=\"tg-0pky\">Articolo di blog con link DoFollow (con editoriale)<br>+ diffusione nelle RRSS<\/td>\n<td class=\"tg-c3ow\">Authority Score: 55<\/td>\n<\/tr>\n<tr>\n<td class=\"tg-c3ow\">E<\/td>\n<td class=\"tg-c3ow\">Notizie<\/td>\n<td class=\"tg-0pky\">Articolo di blog con link DoFollow (senza redazione)<br>+ diffusione nelle RRSS<\/td>\n<td class=\"tg-c3ow\">Authority Score: 55<\/td>\n<\/tr>\n<tr>\n<td class=\"tg-c3ow\">F<\/td>\n<td class=\"tg-c3ow\">Newsletter<\/td>\n<td class=\"tg-0pky\">Inserimento newsletter (BBDD 6K)<\/td>\n<td class=\"tg-c3ow\">Tasso medio di apertura: 12%.<\/td>\n<\/tr>\n<\/tbody>\n<\/table>\t\t\t\t\t\t\t\t<\/div>\n\t\t\t\t<\/div>\n\t\t\t\t\t<\/div>\n\t\t<\/div>\n\t\t\t\t\t<\/div>\n\t\t<\/section>\n\t\t\t\t<section class=\"elementor-section elementor-top-section elementor-element elementor-element-f18f6e5 elementor-section-boxed elementor-section-height-default elementor-section-height-default\" data-id=\"f18f6e5\" data-element_type=\"section\" data-e-type=\"section\">\n\t\t\t\t\t\t<div class=\"elementor-container elementor-column-gap-default\">\n\t\t\t\t\t<div class=\"elementor-column elementor-col-100 elementor-top-column elementor-element elementor-element-c2e2aac\" data-id=\"c2e2aac\" data-element_type=\"column\" data-e-type=\"column\">\n\t\t\t<div class=\"elementor-widget-wrap elementor-element-populated\">\n\t\t\t\t\t\t<div class=\"elementor-element elementor-element-9e8421e elementor-align-center elementor-widget elementor-widget-button\" data-id=\"9e8421e\" data-element_type=\"widget\" data-e-type=\"widget\" data-widget_type=\"button.default\">\n\t\t\t\t<div class=\"elementor-widget-container\">\n\t\t\t\t\t\t\t\t\t<div class=\"elementor-button-wrapper\">\n\t\t\t\t\t<a class=\"elementor-button elementor-button-link elementor-size-sm\" href=\"https:\/\/form.123formbuilder.com\/6352427\/elblogdeidiomas-es-espacios-publicitarios\">\n\t\t\t\t\t\t<span class=\"elementor-button-content-wrapper\">\n\t\t\t\t\t\t\t\t\t<span class=\"elementor-button-text\">Vorrei un preventivo<\/span>\n\t\t\t\t\t<\/span>\n\t\t\t\t\t<\/a>\n\t\t\t\t<\/div>\n\t\t\t\t\t\t\t\t<\/div>\n\t\t\t\t<\/div>\n\t\t\t\t\t<\/div>\n\t\t<\/div>\n\t\t\t\t\t<\/div>\n\t\t<\/section>\n\t\t\t\t<\/div>\n\t\t","protected":false},"excerpt":{"rendered":"<p>Formati e spazi disponibili. S\u00ec, Elblogdeidiomas.es \u00e8 il luogo ideale per la vostra azienda! Banner A Banner B Banner C Notizie D Notizie E Banner A BANNER A Presenza su tutte le pagine (header) di Elblogdeidiomas.es Banner B BANNER B Presenza in cima alla Top 10 degli articoli pi\u00f9 visitati di Elblogdeidiomas.es Banner C BANNER [&hellip;]<\/p>\n","protected":false},"author":1,"featured_media":0,"parent":0,"menu_order":0,"comment_status":"closed","ping_status":"closed","template":"elementor_header_footer","meta":{"_acf_changed":false,"footnotes":""},"class_list":["post-334","page","type-page","status-publish","hentry"],"acf":[],"_links":{"self":[{"href":"https:\/\/campaigns.elblogdeidiomas.es\/it\/wp-json\/wp\/v2\/pages\/334","targetHints":{"allow":["GET"]}}],"collection":[{"href":"https:\/\/campaigns.elblogdeidiomas.es\/it\/wp-json\/wp\/v2\/pages"}],"about":[{"href":"https:\/\/campaigns.elblogdeidiomas.es\/it\/wp-json\/wp\/v2\/types\/page"}],"author":[{"embeddable":true,"href":"https:\/\/campaigns.elblogdeidiomas.es\/it\/wp-json\/wp\/v2\/users\/1"}],"replies":[{"embeddable":true,"href":"https:\/\/campaigns.elblogdeidiomas.es\/it\/wp-json\/wp\/v2\/comments?post=334"}],"version-history":[{"count":4,"href":"https:\/\/campaigns.elblogdeidiomas.es\/it\/wp-json\/wp\/v2\/pages\/334\/revisions"}],"predecessor-version":[{"id":339,"href":"https:\/\/campaigns.elblogdeidiomas.es\/it\/wp-json\/wp\/v2\/pages\/334\/revisions\/339"}],"wp:attachment":[{"href":"https:\/\/campaigns.elblogdeidiomas.es\/it\/wp-json\/wp\/v2\/media?parent=334"}],"curies":[{"name":"wp","href":"https:\/\/api.w.org\/{rel}","templated":true}]}}