{"id":340,"date":"2022-06-09T08:33:35","date_gmt":"2022-06-09T08:33:35","guid":{"rendered":"https:\/\/campaigns.elblogdeidiomas.es\/sample-page"},"modified":"2023-01-31T12:13:53","modified_gmt":"2023-01-31T12:13:53","slug":"sample-page","status":"publish","type":"page","link":"https:\/\/campaigns.elblogdeidiomas.es\/fr\/","title":{"rendered":"Sample Page"},"content":{"rendered":"\t\t<div data-elementor-type=\"wp-page\" data-elementor-id=\"340\" class=\"elementor elementor-340 elementor-2\">\n\t\t\t\t\t\t<section class=\"elementor-section elementor-top-section elementor-element elementor-element-68dd7021 elementor-section-boxed elementor-section-height-default elementor-section-height-default\" data-id=\"68dd7021\" data-element_type=\"section\" data-e-type=\"section\">\n\t\t\t\t\t\t<div class=\"elementor-container elementor-column-gap-default\">\n\t\t\t\t\t<div class=\"elementor-column elementor-col-100 elementor-top-column elementor-element elementor-element-3bfb049c\" data-id=\"3bfb049c\" data-element_type=\"column\" data-e-type=\"column\">\n\t\t\t<div class=\"elementor-widget-wrap elementor-element-populated\">\n\t\t\t\t\t\t<div class=\"elementor-element elementor-element-f2672dd elementor-widget elementor-widget-text-editor\" data-id=\"f2672dd\" data-element_type=\"widget\" data-e-type=\"widget\" data-widget_type=\"text-editor.default\">\n\t\t\t\t<div class=\"elementor-widget-container\">\n\t\t\t\t\t\t\t\t\t<p><\/p>\n<h1><b>Atteignez votre public cible avec elblogdeidiomas.es<\/b><\/h1>\n<p> <\/p>\n<p><span style=\"font-weight: 400;\">4 millions de visiteurs potentiels qui attendent de voir votre annonce.<\/span><\/p>\n<p><\/p>\t\t\t\t\t\t\t\t<\/div>\n\t\t\t\t<\/div>\n\t\t\t\t\t<\/div>\n\t\t<\/div>\n\t\t\t\t\t<\/div>\n\t\t<\/section>\n\t\t\t\t<section class=\"elementor-section elementor-top-section elementor-element elementor-element-c681f92 elementor-section-boxed elementor-section-height-default elementor-section-height-default\" data-id=\"c681f92\" data-element_type=\"section\" data-e-type=\"section\">\n\t\t\t\t\t\t<div class=\"elementor-container elementor-column-gap-default\">\n\t\t\t\t\t<div class=\"elementor-column elementor-col-50 elementor-top-column elementor-element elementor-element-57aaab4\" data-id=\"57aaab4\" data-element_type=\"column\" data-e-type=\"column\">\n\t\t\t<div class=\"elementor-widget-wrap elementor-element-populated\">\n\t\t\t\t\t\t<div class=\"elementor-element elementor-element-caba678 elementor-align-right elementor-mobile-align-justify elementor-widget elementor-widget-button\" data-id=\"caba678\" data-element_type=\"widget\" data-e-type=\"widget\" data-widget_type=\"button.default\">\n\t\t\t\t<div class=\"elementor-widget-container\">\n\t\t\t\t\t\t\t\t\t<div class=\"elementor-button-wrapper\">\n\t\t\t\t\t<a class=\"elementor-button elementor-button-link elementor-size-sm\" href=\"https:\/\/form.123formbuilder.com\/6352427\/elblogdeidiomas-es-espacios-publicitarios\">\n\t\t\t\t\t\t<span class=\"elementor-button-content-wrapper\">\n\t\t\t\t\t\t\t\t\t<span class=\"elementor-button-text\">Plus d'informations<\/span>\n\t\t\t\t\t<\/span>\n\t\t\t\t\t<\/a>\n\t\t\t\t<\/div>\n\t\t\t\t\t\t\t\t<\/div>\n\t\t\t\t<\/div>\n\t\t\t\t\t<\/div>\n\t\t<\/div>\n\t\t\t\t<div class=\"elementor-column elementor-col-50 elementor-top-column elementor-element elementor-element-0187872\" data-id=\"0187872\" data-element_type=\"column\" data-e-type=\"column\">\n\t\t\t<div class=\"elementor-widget-wrap elementor-element-populated\">\n\t\t\t\t\t\t<div class=\"elementor-element elementor-element-6a12ed9 elementor-align-left elementor-mobile-align-justify elementor-widget elementor-widget-button\" data-id=\"6a12ed9\" data-element_type=\"widget\" data-e-type=\"widget\" data-widget_type=\"button.default\">\n\t\t\t\t<div class=\"elementor-widget-container\">\n\t\t\t\t\t\t\t\t\t<div class=\"elementor-button-wrapper\">\n\t\t\t\t\t<a class=\"elementor-button elementor-button-link elementor-size-sm\" href=\"https:\/\/form.123formbuilder.com\/6352427\/elblogdeidiomas-es-espacios-publicitarios\">\n\t\t\t\t\t\t<span class=\"elementor-button-content-wrapper\">\n\t\t\t\t\t\t\t\t\t<span class=\"elementor-button-text\">Cr\u00e9er une campagne<\/span>\n\t\t\t\t\t<\/span>\n\t\t\t\t\t<\/a>\n\t\t\t\t<\/div>\n\t\t\t\t\t\t\t\t<\/div>\n\t\t\t\t<\/div>\n\t\t\t\t\t<\/div>\n\t\t<\/div>\n\t\t\t\t\t<\/div>\n\t\t<\/section>\n\t\t\t\t<section class=\"elementor-section elementor-top-section elementor-element elementor-element-15d0195 elementor-section-boxed elementor-section-height-default elementor-section-height-default\" data-id=\"15d0195\" data-element_type=\"section\" data-e-type=\"section\">\n\t\t\t\t\t\t<div class=\"elementor-container elementor-column-gap-default\">\n\t\t\t\t\t<div class=\"elementor-column elementor-col-100 elementor-top-column elementor-element elementor-element-ef15937\" data-id=\"ef15937\" data-element_type=\"column\" data-e-type=\"column\">\n\t\t\t<div class=\"elementor-widget-wrap elementor-element-populated\">\n\t\t\t\t\t\t<div class=\"elementor-element elementor-element-0734a48 elementor-widget elementor-widget-image\" data-id=\"0734a48\" data-element_type=\"widget\" data-e-type=\"widget\" data-widget_type=\"image.default\">\n\t\t\t\t<div class=\"elementor-widget-container\">\n\t\t\t\t\t\t\t\t\t\t\t\t\t\t\t<img fetchpriority=\"high\" decoding=\"async\" width=\"1024\" height=\"506\" src=\"https:\/\/campaigns.elblogdeidiomas.es\/wp-content\/uploads\/2022\/06\/campaigns-elblogdeidiomas-mockup-1-1024x506.png\" class=\"attachment-large size-large wp-image-266\" alt=\"\" srcset=\"https:\/\/campaigns.elblogdeidiomas.es\/wp-content\/uploads\/2022\/06\/campaigns-elblogdeidiomas-mockup-1-1024x506.png 1024w, https:\/\/campaigns.elblogdeidiomas.es\/wp-content\/uploads\/2022\/06\/campaigns-elblogdeidiomas-mockup-1-300x148.png 300w, https:\/\/campaigns.elblogdeidiomas.es\/wp-content\/uploads\/2022\/06\/campaigns-elblogdeidiomas-mockup-1-768x379.png 768w, https:\/\/campaigns.elblogdeidiomas.es\/wp-content\/uploads\/2022\/06\/campaigns-elblogdeidiomas-mockup-1.png 1342w\" sizes=\"(max-width: 1024px) 100vw, 1024px\" \/>\t\t\t\t\t\t\t\t\t\t\t\t\t\t\t<\/div>\n\t\t\t\t<\/div>\n\t\t\t\t\t<\/div>\n\t\t<\/div>\n\t\t\t\t\t<\/div>\n\t\t<\/section>\n\t\t\t\t<section class=\"elementor-section elementor-top-section elementor-element elementor-element-40a53af elementor-section-boxed elementor-section-height-default elementor-section-height-default\" data-id=\"40a53af\" data-element_type=\"section\" data-e-type=\"section\">\n\t\t\t\t\t\t<div class=\"elementor-container elementor-column-gap-default\">\n\t\t\t\t\t<div class=\"elementor-column elementor-col-100 elementor-top-column elementor-element elementor-element-bea8721\" data-id=\"bea8721\" data-element_type=\"column\" data-e-type=\"column\">\n\t\t\t<div class=\"elementor-widget-wrap elementor-element-populated\">\n\t\t\t\t\t\t<div class=\"elementor-element elementor-element-beeef4d elementor-widget elementor-widget-text-editor\" data-id=\"beeef4d\" data-element_type=\"widget\" data-e-type=\"widget\" data-widget_type=\"text-editor.default\">\n\t\t\t\t<div class=\"elementor-widget-container\">\n\t\t\t\t\t\t\t\t\t\n<h1 id=\"publicidad\" style=\"text-align: center; max-width: 650px; margin: auto; margin-top: 3rem;\">L&rsquo;espace de contenu num\u00e9ro un en Espagne et en Am\u00e9rique latine.<\/h1>\n<p>&nbsp;<\/p>\n<p>Elblogdeidiomas.es en donn\u00e9es :<\/p>\n\t\t\t\t\t\t\t\t<\/div>\n\t\t\t\t<\/div>\n\t\t\t\t\t<\/div>\n\t\t<\/div>\n\t\t\t\t\t<\/div>\n\t\t<\/section>\n\t\t\t\t<section class=\"elementor-section elementor-top-section elementor-element elementor-element-67fc136 elementor-section-boxed elementor-section-height-default elementor-section-height-default\" data-id=\"67fc136\" data-element_type=\"section\" data-e-type=\"section\">\n\t\t\t\t\t\t<div class=\"elementor-container elementor-column-gap-default\">\n\t\t\t\t\t<div class=\"elementor-column elementor-col-33 elementor-top-column elementor-element elementor-element-8ebf20a\" data-id=\"8ebf20a\" data-element_type=\"column\" data-e-type=\"column\">\n\t\t\t<div class=\"elementor-widget-wrap elementor-element-populated\">\n\t\t\t\t\t\t<div class=\"elementor-element elementor-element-75281d6 elementor-widget elementor-widget-text-editor\" data-id=\"75281d6\" data-element_type=\"widget\" data-e-type=\"widget\" data-widget_type=\"text-editor.default\">\n\t\t\t\t<div class=\"elementor-widget-container\">\n\t\t\t\t\t\t\t\t\t<p style=\"text-align: center; font-weight: 800; font-size: 2.5rem; margin-bottom: 0;\"><span style=\"color: #ff99a4; font-family: Poppins;\">+500.000<\/span><\/p>\n<p style=\"text-align: center; font-family: Poppins;\"><span style=\"color: #000000;\">Visites mensuelles<\/span><\/p>\t\t\t\t\t\t\t\t<\/div>\n\t\t\t\t<\/div>\n\t\t\t\t\t<\/div>\n\t\t<\/div>\n\t\t\t\t<div class=\"elementor-column elementor-col-33 elementor-top-column elementor-element elementor-element-8fccf4c\" data-id=\"8fccf4c\" data-element_type=\"column\" data-e-type=\"column\">\n\t\t\t<div class=\"elementor-widget-wrap elementor-element-populated\">\n\t\t\t\t\t\t<div class=\"elementor-element elementor-element-3a40de5 elementor-widget elementor-widget-text-editor\" data-id=\"3a40de5\" data-element_type=\"widget\" data-e-type=\"widget\" data-widget_type=\"text-editor.default\">\n\t\t\t\t<div class=\"elementor-widget-container\">\n\t\t\t\t\t\t\t\t\t<p style=\"text-align: center; font-weight: 800; font-size: 2.5rem; margin-bottom: 0;\"><span style=\"color: #7784b8; font-family: Poppins;\">+400.000<\/span><\/p>\n<p style=\"text-align: center; font-family: Poppins;\"><span style=\"color: #000000;\">Utilisateurs uniques par mois<\/span><\/p>\t\t\t\t\t\t\t\t<\/div>\n\t\t\t\t<\/div>\n\t\t\t\t\t<\/div>\n\t\t<\/div>\n\t\t\t\t<div class=\"elementor-column elementor-col-33 elementor-top-column elementor-element elementor-element-3ba0ac7\" data-id=\"3ba0ac7\" data-element_type=\"column\" data-e-type=\"column\">\n\t\t\t<div class=\"elementor-widget-wrap elementor-element-populated\">\n\t\t\t\t\t\t<div class=\"elementor-element elementor-element-35d439c elementor-widget elementor-widget-text-editor\" data-id=\"35d439c\" data-element_type=\"widget\" data-e-type=\"widget\" data-widget_type=\"text-editor.default\">\n\t\t\t\t<div class=\"elementor-widget-container\">\n\t\t\t\t\t\t\t\t\t<p style=\"text-align: center; font-weight: 800; font-size: 2.5rem; margin-bottom: 0;\"><span style=\"color: #ff99a4; font-family: Poppins;\">+65%<\/span><\/p>\n<p style=\"text-align: center; font-family: Poppins;\"><span style=\"color: #000000;\">Pourcentage d&rsquo;utilisateurs de smartphones<\/span><\/p>\t\t\t\t\t\t\t\t<\/div>\n\t\t\t\t<\/div>\n\t\t\t\t\t<\/div>\n\t\t<\/div>\n\t\t\t\t\t<\/div>\n\t\t<\/section>\n\t\t\t\t<section class=\"elementor-section elementor-top-section elementor-element elementor-element-b1faa58 elementor-section-boxed elementor-section-height-default elementor-section-height-default\" data-id=\"b1faa58\" data-element_type=\"section\" data-e-type=\"section\">\n\t\t\t\t\t\t<div class=\"elementor-container elementor-column-gap-default\">\n\t\t\t\t\t<div class=\"elementor-column elementor-col-33 elementor-top-column elementor-element elementor-element-5cb8955\" data-id=\"5cb8955\" data-element_type=\"column\" data-e-type=\"column\">\n\t\t\t<div class=\"elementor-widget-wrap elementor-element-populated\">\n\t\t\t\t\t\t<div class=\"elementor-element elementor-element-4cee234 elementor-widget elementor-widget-text-editor\" data-id=\"4cee234\" data-element_type=\"widget\" data-e-type=\"widget\" data-widget_type=\"text-editor.default\">\n\t\t\t\t<div class=\"elementor-widget-container\">\n\t\t\t\t\t\t\t\t\t<p style=\"text-align: center; font-weight: 800; font-size: 2.5rem; margin-bottom: 0;\"><span style=\"color: #7784b8; font-family: Poppins;\">+70%<\/span><\/p>\n<p style=\"text-align: center; font-family: Poppins;\"><span style=\"color: #000000;\">Public f\u00e9minin<\/span><\/p>\t\t\t\t\t\t\t\t<\/div>\n\t\t\t\t<\/div>\n\t\t\t\t\t<\/div>\n\t\t<\/div>\n\t\t\t\t<div class=\"elementor-column elementor-col-33 elementor-top-column elementor-element elementor-element-0989c83\" data-id=\"0989c83\" data-element_type=\"column\" data-e-type=\"column\">\n\t\t\t<div class=\"elementor-widget-wrap elementor-element-populated\">\n\t\t\t\t\t\t<div class=\"elementor-element elementor-element-964e53a elementor-widget elementor-widget-text-editor\" data-id=\"964e53a\" data-element_type=\"widget\" data-e-type=\"widget\" data-widget_type=\"text-editor.default\">\n\t\t\t\t<div class=\"elementor-widget-container\">\n\t\t\t\t\t\t\t\t\t<p style=\"text-align: center; font-weight: 800; font-size: 2.5rem; margin-bottom: 0;\"><span style=\"color: #ff99a4; font-family: Poppins;\">+40<\/span><\/p>\n<p style=\"text-align: center; font-family: Poppins;\"><span style=\"color: #000000;\">Pr\u00e9sence dans plus de 40 pays<\/span><\/p>\t\t\t\t\t\t\t\t<\/div>\n\t\t\t\t<\/div>\n\t\t\t\t\t<\/div>\n\t\t<\/div>\n\t\t\t\t<div class=\"elementor-column elementor-col-33 elementor-top-column elementor-element elementor-element-c20f26b\" data-id=\"c20f26b\" data-element_type=\"column\" data-e-type=\"column\">\n\t\t\t<div class=\"elementor-widget-wrap elementor-element-populated\">\n\t\t\t\t\t\t<div class=\"elementor-element elementor-element-4347d02 elementor-widget elementor-widget-text-editor\" data-id=\"4347d02\" data-element_type=\"widget\" data-e-type=\"widget\" data-widget_type=\"text-editor.default\">\n\t\t\t\t<div class=\"elementor-widget-container\">\n\t\t\t\t\t\t\t\t\t<p style=\"text-align: center; font-weight: 800; font-size: 2.5rem; margin-bottom: 0;\"><span style=\"color: #7784b8; font-family: Poppins;\">De 18 \u00e0 34 ans<\/span><\/p>\n<p style=\"text-align: center; font-family: Poppins;\"><span style=\"color: #000000;\">\u00c2ge de 70% des visiteurs<\/span><\/p>\t\t\t\t\t\t\t\t<\/div>\n\t\t\t\t<\/div>\n\t\t\t\t\t<\/div>\n\t\t<\/div>\n\t\t\t\t\t<\/div>\n\t\t<\/section>\n\t\t\t\t<section class=\"elementor-section elementor-top-section elementor-element elementor-element-a9fab27 elementor-section-boxed elementor-section-height-default elementor-section-height-default\" data-id=\"a9fab27\" data-element_type=\"section\" data-e-type=\"section\">\n\t\t\t\t\t\t<div class=\"elementor-container elementor-column-gap-default\">\n\t\t\t\t\t<div class=\"elementor-column elementor-col-100 elementor-top-column elementor-element elementor-element-0548bd8\" data-id=\"0548bd8\" data-element_type=\"column\" data-e-type=\"column\">\n\t\t\t<div class=\"elementor-widget-wrap elementor-element-populated\">\n\t\t\t\t\t\t<div class=\"elementor-element elementor-element-46ac4d8 elementor-widget-divider--view-line elementor-widget elementor-widget-divider\" data-id=\"46ac4d8\" data-element_type=\"widget\" data-e-type=\"widget\" data-widget_type=\"divider.default\">\n\t\t\t\t<div class=\"elementor-widget-container\">\n\t\t\t\t\t\t\t<div class=\"elementor-divider\">\n\t\t\t<span class=\"elementor-divider-separator\">\n\t\t\t\t\t\t<\/span>\n\t\t<\/div>\n\t\t\t\t\t\t<\/div>\n\t\t\t\t<\/div>\n\t\t\t\t\t<\/div>\n\t\t<\/div>\n\t\t\t\t\t<\/div>\n\t\t<\/section>\n\t\t\t\t<section class=\"elementor-section elementor-top-section elementor-element elementor-element-27c717f elementor-section-boxed elementor-section-height-default elementor-section-height-default\" data-id=\"27c717f\" data-element_type=\"section\" data-e-type=\"section\">\n\t\t\t\t\t\t<div class=\"elementor-container elementor-column-gap-default\">\n\t\t\t\t\t<div class=\"elementor-column elementor-col-50 elementor-top-column elementor-element elementor-element-2ecc157\" data-id=\"2ecc157\" data-element_type=\"column\" data-e-type=\"column\">\n\t\t\t<div class=\"elementor-widget-wrap elementor-element-populated\">\n\t\t\t\t\t\t<div class=\"elementor-element elementor-element-5b55091 elementor-widget elementor-widget-text-editor\" data-id=\"5b55091\" data-element_type=\"widget\" data-e-type=\"widget\" data-widget_type=\"text-editor.default\">\n\t\t\t\t<div class=\"elementor-widget-container\">\n\t\t\t\t\t\t\t\t\t<h2><span style=\"color: #000000;\">Nous concevons vos<\/span><br><span style=\"color: #000000;\">annonces*.<\/span><\/h2>\n<p><span style=\"color: #000000;\">Vous ne devez pas avoir d&rsquo;exp\u00e9rience en marketing, <\/span><br><span style=\"color: #000000;\">design ou publicit\u00e9 pour cr\u00e9er votre campagne avec<\/span><br><span style=\"color: #000000;\">Elblogdeidiomas.es<\/span><\/p>\n<p><span style=\"color: #000000;\">Notre \u00e9quipe vous guidera et vous aidera \u00e0 \u00e9laborer le message<\/span><br><span style=\"color: #000000;\">et le design.<\/span><\/p>\n<p><span style=\"color: #000000; font-size: 13px;\">*Pour les campagnes de plus de 1000 \u20ac.<\/span><\/p>\t\t\t\t\t\t\t\t<\/div>\n\t\t\t\t<\/div>\n\t\t\t\t<div class=\"elementor-element elementor-element-94eec53 elementor-align-left elementor-widget elementor-widget-button\" data-id=\"94eec53\" data-element_type=\"widget\" data-e-type=\"widget\" data-widget_type=\"button.default\">\n\t\t\t\t<div class=\"elementor-widget-container\">\n\t\t\t\t\t\t\t\t\t<div class=\"elementor-button-wrapper\">\n\t\t\t\t\t<a class=\"elementor-button elementor-button-link elementor-size-sm\" href=\"https:\/\/form.123formbuilder.com\/6352427\/elblogdeidiomas-es-espacios-publicitarios\">\n\t\t\t\t\t\t<span class=\"elementor-button-content-wrapper\">\n\t\t\t\t\t\t\t\t\t<span class=\"elementor-button-text\">Parlez-nous<\/span>\n\t\t\t\t\t<\/span>\n\t\t\t\t\t<\/a>\n\t\t\t\t<\/div>\n\t\t\t\t\t\t\t\t<\/div>\n\t\t\t\t<\/div>\n\t\t\t\t\t<\/div>\n\t\t<\/div>\n\t\t\t\t<div class=\"elementor-column elementor-col-50 elementor-top-column elementor-element elementor-element-e9f0d9c\" data-id=\"e9f0d9c\" data-element_type=\"column\" data-e-type=\"column\">\n\t\t\t<div class=\"elementor-widget-wrap elementor-element-populated\">\n\t\t\t\t\t\t<div class=\"elementor-element elementor-element-0317f2c elementor-widget elementor-widget-text-editor\" data-id=\"0317f2c\" data-element_type=\"widget\" data-e-type=\"widget\" data-widget_type=\"text-editor.default\">\n\t\t\t\t<div class=\"elementor-widget-container\">\n\t\t\t\t\t\t\t\t\t<h2><span style=\"color: #000000;\">Multitude de formats<\/span><\/h2>\n<h2><span style=\"color: #000000;\">et les espaces disponibles.<\/span><\/h2>\n<p><span style=\"color: #000000;\">Avec nous, votre publicit\u00e9 peut atteindre votre public cible,<\/span> <span style=\"color: #000000;\">la population, l&rsquo;\u00e2ge, les int\u00e9r\u00eats&#8230;<\/span> <\/p>\n<p><span style=\"color: #000000;\">Nous disposons de diff\u00e9rents espaces et formats pour r\u00e9pondre \u00e0 vos besoins.<\/span> <span style=\"color: #000000;\">Faites-nous part de votre id\u00e9e et de votre projet et<\/span> <span style=\"color: #000000;\">nous vous proposerons la meilleure option.<\/span><\/p>\t\t\t\t\t\t\t\t<\/div>\n\t\t\t\t<\/div>\n\t\t\t\t<div class=\"elementor-element elementor-element-a93111c elementor-align-left elementor-widget elementor-widget-button\" data-id=\"a93111c\" data-element_type=\"widget\" data-e-type=\"widget\" data-widget_type=\"button.default\">\n\t\t\t\t<div class=\"elementor-widget-container\">\n\t\t\t\t\t\t\t\t\t<div class=\"elementor-button-wrapper\">\n\t\t\t\t\t<a class=\"elementor-button elementor-button-link elementor-size-sm\" href=\"https:\/\/campaigns.elblogdeidiomas.es\/fr\/formats-et-espaces\">\n\t\t\t\t\t\t<span class=\"elementor-button-content-wrapper\">\n\t\t\t\t\t\t\t\t\t<span class=\"elementor-button-text\">Voir formats et espaces<\/span>\n\t\t\t\t\t<\/span>\n\t\t\t\t\t<\/a>\n\t\t\t\t<\/div>\n\t\t\t\t\t\t\t\t<\/div>\n\t\t\t\t<\/div>\n\t\t\t\t\t<\/div>\n\t\t<\/div>\n\t\t\t\t\t<\/div>\n\t\t<\/section>\n\t\t\t\t<\/div>\n\t\t","protected":false},"excerpt":{"rendered":"<p>Atteignez votre public cible avec elblogdeidiomas.es 4 millions de visiteurs potentiels qui attendent de voir votre annonce. Plus d&rsquo;informations Cr\u00e9er une campagne L&rsquo;espace de contenu num\u00e9ro un en Espagne et en Am\u00e9rique latine. &nbsp; Elblogdeidiomas.es en donn\u00e9es : +500.000 Visites mensuelles +400.000 Utilisateurs uniques par mois +65% Pourcentage d&rsquo;utilisateurs de smartphones +70% Public f\u00e9minin +40 [&hellip;]<\/p>\n","protected":false},"author":1,"featured_media":0,"parent":0,"menu_order":0,"comment_status":"closed","ping_status":"open","template":"full-width.php","meta":{"_acf_changed":false,"footnotes":""},"class_list":["post-340","page","type-page","status-publish","hentry"],"acf":[],"_links":{"self":[{"href":"https:\/\/campaigns.elblogdeidiomas.es\/fr\/wp-json\/wp\/v2\/pages\/340","targetHints":{"allow":["GET"]}}],"collection":[{"href":"https:\/\/campaigns.elblogdeidiomas.es\/fr\/wp-json\/wp\/v2\/pages"}],"about":[{"href":"https:\/\/campaigns.elblogdeidiomas.es\/fr\/wp-json\/wp\/v2\/types\/page"}],"author":[{"embeddable":true,"href":"https:\/\/campaigns.elblogdeidiomas.es\/fr\/wp-json\/wp\/v2\/users\/1"}],"replies":[{"embeddable":true,"href":"https:\/\/campaigns.elblogdeidiomas.es\/fr\/wp-json\/wp\/v2\/comments?post=340"}],"version-history":[{"count":3,"href":"https:\/\/campaigns.elblogdeidiomas.es\/fr\/wp-json\/wp\/v2\/pages\/340\/revisions"}],"predecessor-version":[{"id":344,"href":"https:\/\/campaigns.elblogdeidiomas.es\/fr\/wp-json\/wp\/v2\/pages\/340\/revisions\/344"}],"wp:attachment":[{"href":"https:\/\/campaigns.elblogdeidiomas.es\/fr\/wp-json\/wp\/v2\/media?parent=340"}],"curies":[{"name":"wp","href":"https:\/\/api.w.org\/{rel}","templated":true}]}}