{"id":328,"date":"2022-06-23T09:01:31","date_gmt":"2022-06-23T09:01:31","guid":{"rendered":"https:\/\/campaigns.elblogdeidiomas.es\/formats-et-espaces"},"modified":"2023-01-31T11:59:27","modified_gmt":"2023-01-31T11:59:27","slug":"formats-et-espaces","status":"publish","type":"page","link":"https:\/\/campaigns.elblogdeidiomas.es\/fr\/formats-et-espaces\/","title":{"rendered":"Formats et espaces"},"content":{"rendered":"\t\t<div data-elementor-type=\"wp-page\" data-elementor-id=\"328\" class=\"elementor elementor-328 elementor-130\">\n\t\t\t\t\t\t<section class=\"elementor-section elementor-top-section elementor-element elementor-element-165445f elementor-section-boxed elementor-section-height-default elementor-section-height-default\" data-id=\"165445f\" data-element_type=\"section\" data-e-type=\"section\">\n\t\t\t\t\t\t<div class=\"elementor-container elementor-column-gap-default\">\n\t\t\t\t\t<div class=\"elementor-column elementor-col-100 elementor-top-column elementor-element elementor-element-b175359\" data-id=\"b175359\" data-element_type=\"column\" data-e-type=\"column\">\n\t\t\t<div class=\"elementor-widget-wrap elementor-element-populated\">\n\t\t\t\t\t\t<div class=\"elementor-element elementor-element-e805151 elementor-widget elementor-widget-text-editor\" data-id=\"e805151\" data-element_type=\"widget\" data-e-type=\"widget\" data-widget_type=\"text-editor.default\">\n\t\t\t\t<div class=\"elementor-widget-container\">\n\t\t\t\t\t\t\t\t\t<p><\/p>\n<h1 style=\"text-align: center; max-width: 650px; margin: auto; margin-top: 3rem;\">Formats et espaces disponibles.<\/h1>\n<p> <\/p>\n<p><span style=\"font-weight: 400;\">Oui,<\/span> <i><span style=\"font-weight: 400;\">Elblogdeidiomas.es<\/span><\/i> <span style=\"font-weight: 400;\">est l&rsquo;espace parfait pour votre entreprise !<\/span><\/p>\n<p><\/p>\t\t\t\t\t\t\t\t<\/div>\n\t\t\t\t<\/div>\n\t\t\t\t\t<\/div>\n\t\t<\/div>\n\t\t\t\t\t<\/div>\n\t\t<\/section>\n\t\t\t\t<section class=\"elementor-section elementor-top-section elementor-element elementor-element-6d26236 elementor-section-boxed elementor-section-height-default elementor-section-height-default\" data-id=\"6d26236\" data-element_type=\"section\" data-e-type=\"section\">\n\t\t\t\t\t\t<div class=\"elementor-container elementor-column-gap-default\">\n\t\t\t\t\t<div class=\"elementor-column elementor-col-100 elementor-top-column elementor-element elementor-element-5c05412\" data-id=\"5c05412\" data-element_type=\"column\" data-e-type=\"column\">\n\t\t\t<div class=\"elementor-widget-wrap elementor-element-populated\">\n\t\t\t\t\t\t<div class=\"elementor-element elementor-element-03b145f elementor-tabs-alignment-center elementor-tabs-view-horizontal elementor-widget elementor-widget-tabs\" data-id=\"03b145f\" data-element_type=\"widget\" data-e-type=\"widget\" data-widget_type=\"tabs.default\">\n\t\t\t\t<div class=\"elementor-widget-container\">\n\t\t\t\t\t\t\t<div class=\"elementor-tabs\">\n\t\t\t<div class=\"elementor-tabs-wrapper\" role=\"tablist\" >\n\t\t\t\t\t\t\t\t\t<div id=\"elementor-tab-title-3871\" class=\"elementor-tab-title elementor-tab-desktop-title\" aria-selected=\"true\" data-tab=\"1\" role=\"tab\" tabindex=\"0\" aria-controls=\"elementor-tab-content-3871\" aria-expanded=\"false\">Banni\u00e8re A<\/div>\n\t\t\t\t\t\t\t\t\t<div id=\"elementor-tab-title-3872\" class=\"elementor-tab-title elementor-tab-desktop-title\" aria-selected=\"false\" data-tab=\"2\" role=\"tab\" tabindex=\"-1\" aria-controls=\"elementor-tab-content-3872\" aria-expanded=\"false\">Banni\u00e8re B<\/div>\n\t\t\t\t\t\t\t\t\t<div id=\"elementor-tab-title-3873\" class=\"elementor-tab-title elementor-tab-desktop-title\" aria-selected=\"false\" data-tab=\"3\" role=\"tab\" tabindex=\"-1\" aria-controls=\"elementor-tab-content-3873\" aria-expanded=\"false\">Banni\u00e8re C<\/div>\n\t\t\t\t\t\t\t\t\t<div id=\"elementor-tab-title-3874\" class=\"elementor-tab-title elementor-tab-desktop-title\" aria-selected=\"false\" data-tab=\"4\" role=\"tab\" tabindex=\"-1\" aria-controls=\"elementor-tab-content-3874\" aria-expanded=\"false\">News D<\/div>\n\t\t\t\t\t\t\t\t\t<div id=\"elementor-tab-title-3875\" class=\"elementor-tab-title elementor-tab-desktop-title\" aria-selected=\"false\" data-tab=\"5\" role=\"tab\" tabindex=\"-1\" aria-controls=\"elementor-tab-content-3875\" aria-expanded=\"false\">News E<\/div>\n\t\t\t\t\t\t\t<\/div>\n\t\t\t<div class=\"elementor-tabs-content-wrapper\" role=\"tablist\" aria-orientation=\"vertical\">\n\t\t\t\t\t\t\t\t\t<div class=\"elementor-tab-title elementor-tab-mobile-title\" aria-selected=\"true\" data-tab=\"1\" role=\"tab\" tabindex=\"0\" aria-controls=\"elementor-tab-content-3871\" aria-expanded=\"false\">Banni\u00e8re A<\/div>\n\t\t\t\t\t<div id=\"elementor-tab-content-3871\" class=\"elementor-tab-content elementor-clearfix\" data-tab=\"1\" role=\"tabpanel\" aria-labelledby=\"elementor-tab-title-3871\" tabindex=\"0\" hidden=\"false\"><div class=\"row\">\n<div class=\"col-6\">\n<p><img fetchpriority=\"high\" decoding=\"async\" class=\"alignnone wp-image-198 size-full\" src=\"https:\/\/campaigns.elblogdeidiomas.es\/wp-content\/uploads\/2022\/07\/banner-a.png\" alt=\"\" width=\"974\" height=\"546\" srcset=\"https:\/\/campaigns.elblogdeidiomas.es\/wp-content\/uploads\/2022\/07\/banner-a.png 974w, https:\/\/campaigns.elblogdeidiomas.es\/wp-content\/uploads\/2022\/07\/banner-a-300x168.png 300w, https:\/\/campaigns.elblogdeidiomas.es\/wp-content\/uploads\/2022\/07\/banner-a-768x431.png 768w\" sizes=\"(max-width: 974px) 100vw, 974px\" \/><\/p>\n<\/div>\n<div class=\"col-6\">\n<h2> <\/h2>\n<h2>Banni\u00e8re A<\/h2>\n<ul>\n<li>Pr\u00e9sence sur toutes les pages (en-t\u00eate) de <em>Elblogdeidiomas.es<\/em><\/li>\n<\/ul>\n<\/div>\n<\/div>\n<\/div>\n\t\t\t\t\t\t\t\t\t<div class=\"elementor-tab-title elementor-tab-mobile-title\" aria-selected=\"false\" data-tab=\"2\" role=\"tab\" tabindex=\"-1\" aria-controls=\"elementor-tab-content-3872\" aria-expanded=\"false\">Banni\u00e8re B<\/div>\n\t\t\t\t\t<div id=\"elementor-tab-content-3872\" class=\"elementor-tab-content elementor-clearfix\" data-tab=\"2\" role=\"tabpanel\" aria-labelledby=\"elementor-tab-title-3872\" tabindex=\"0\" hidden=\"hidden\"><div class=\"row\">\n<div class=\"col-6\">\n<p><img decoding=\"async\" class=\"alignnone wp-image-203 size-full\" src=\"https:\/\/campaigns.elblogdeidiomas.es\/wp-content\/uploads\/2022\/07\/diseno-web.png\" alt=\"\" width=\"974\" height=\"546\" srcset=\"https:\/\/campaigns.elblogdeidiomas.es\/wp-content\/uploads\/2022\/07\/diseno-web.png 974w, https:\/\/campaigns.elblogdeidiomas.es\/wp-content\/uploads\/2022\/07\/diseno-web-300x168.png 300w, https:\/\/campaigns.elblogdeidiomas.es\/wp-content\/uploads\/2022\/07\/diseno-web-768x431.png 768w\" sizes=\"(max-width: 974px) 100vw, 974px\" \/><\/p>\n<\/div>\n<div class=\"col-6\">\n<h2> <\/h2>\n<h2>Banni\u00e8re B<\/h2>\n<ul>\n<li>Pr\u00e9sence en en-t\u00eate du Top 10 des articles les plus consult\u00e9s sur <em>Elblogdeidiomas.es<\/em><\/li>\n<\/ul>\n<\/div>\n<\/div>\n<\/div>\n\t\t\t\t\t\t\t\t\t<div class=\"elementor-tab-title elementor-tab-mobile-title\" aria-selected=\"false\" data-tab=\"3\" role=\"tab\" tabindex=\"-1\" aria-controls=\"elementor-tab-content-3873\" aria-expanded=\"false\">Banni\u00e8re C<\/div>\n\t\t\t\t\t<div id=\"elementor-tab-content-3873\" class=\"elementor-tab-content elementor-clearfix\" data-tab=\"3\" role=\"tabpanel\" aria-labelledby=\"elementor-tab-title-3873\" tabindex=\"0\" hidden=\"hidden\"><div class=\"row\">\n<div class=\"col-6\">\n<p><img decoding=\"async\" class=\"alignnone wp-image-194 size-full\" src=\"https:\/\/campaigns.elblogdeidiomas.es\/wp-content\/uploads\/2022\/07\/banner-c.png\" alt=\"\" width=\"973\" height=\"521\" srcset=\"https:\/\/campaigns.elblogdeidiomas.es\/wp-content\/uploads\/2022\/07\/banner-c.png 973w, https:\/\/campaigns.elblogdeidiomas.es\/wp-content\/uploads\/2022\/07\/banner-c-300x161.png 300w, https:\/\/campaigns.elblogdeidiomas.es\/wp-content\/uploads\/2022\/07\/banner-c-768x411.png 768w\" sizes=\"(max-width: 973px) 100vw, 973px\" \/><\/p>\n<\/div>\n<div class=\"col-6\">\n<h2> <\/h2>\n<h2>Banni\u00e8re C<\/h2>\n<ul>\n<li>Banner int\u00e9rieur des articles du Top 10 des articles les plus visit\u00e9s <em>d&rsquo;Elblogdeidiomas.es<\/em><\/li>\n<\/ul>\n<\/div>\n<\/div>\n<\/div>\n\t\t\t\t\t\t\t\t\t<div class=\"elementor-tab-title elementor-tab-mobile-title\" aria-selected=\"false\" data-tab=\"4\" role=\"tab\" tabindex=\"-1\" aria-controls=\"elementor-tab-content-3874\" aria-expanded=\"false\">News D<\/div>\n\t\t\t\t\t<div id=\"elementor-tab-content-3874\" class=\"elementor-tab-content elementor-clearfix\" data-tab=\"4\" role=\"tabpanel\" aria-labelledby=\"elementor-tab-title-3874\" tabindex=\"0\" hidden=\"hidden\"><div class=\"row\">\n<div class=\"col-6\">\n<p><img loading=\"lazy\" decoding=\"async\" class=\"alignnone wp-image-196 size-full\" src=\"https:\/\/campaigns.elblogdeidiomas.es\/wp-content\/uploads\/2022\/07\/NOTICIA-D.png\" alt=\"\" width=\"973\" height=\"521\" srcset=\"https:\/\/campaigns.elblogdeidiomas.es\/wp-content\/uploads\/2022\/07\/NOTICIA-D.png 973w, https:\/\/campaigns.elblogdeidiomas.es\/wp-content\/uploads\/2022\/07\/NOTICIA-D-300x161.png 300w, https:\/\/campaigns.elblogdeidiomas.es\/wp-content\/uploads\/2022\/07\/NOTICIA-D-768x411.png 768w\" sizes=\"(max-width: 973px) 100vw, 973px\" \/><\/p>\n<\/div>\n<div class=\"col-6\">\n<h2>&nbsp;<\/h2>\n<h2>News D<\/h2>\n<p><span style=\"font-weight: 400;\">Article de blog avec lien DoFollow &#8211; inclut la r\u00e9daction et la vid\u00e9o ins\u00e9r\u00e9e. <\/span><em><span style=\"font-weight: 400;\">La vid\u00e9o sera publi\u00e9e sur la cha\u00eene Youtube d&rsquo;Elblogdeidiomas, sera int\u00e9gr\u00e9e dans l&rsquo;article et sera \u00e9galement partag\u00e9e sur les r\u00e9seaux sociaux.<\/span><\/em><\/p>\n<\/p>\n<p>Authority Score: 43.<\/p>\n<\/div>\n<\/div>\n<\/div>\n\t\t\t\t\t\t\t\t\t<div class=\"elementor-tab-title elementor-tab-mobile-title\" aria-selected=\"false\" data-tab=\"5\" role=\"tab\" tabindex=\"-1\" aria-controls=\"elementor-tab-content-3875\" aria-expanded=\"false\">News E<\/div>\n\t\t\t\t\t<div id=\"elementor-tab-content-3875\" class=\"elementor-tab-content elementor-clearfix\" data-tab=\"5\" role=\"tabpanel\" aria-labelledby=\"elementor-tab-title-3875\" tabindex=\"0\" hidden=\"hidden\"><div class=\"row\">\n<div class=\"col-6\">\n<p><img loading=\"lazy\" decoding=\"async\" class=\"aligncenter wp-image-197 size-full\" src=\"https:\/\/campaigns.elblogdeidiomas.es\/wp-content\/uploads\/2022\/07\/noticia-e.png\" alt=\"\" width=\"973\" height=\"521\" srcset=\"https:\/\/campaigns.elblogdeidiomas.es\/wp-content\/uploads\/2022\/07\/noticia-e.png 973w, https:\/\/campaigns.elblogdeidiomas.es\/wp-content\/uploads\/2022\/07\/noticia-e-300x161.png 300w, https:\/\/campaigns.elblogdeidiomas.es\/wp-content\/uploads\/2022\/07\/noticia-e-768x411.png 768w\" sizes=\"(max-width: 973px) 100vw, 973px\" \/><\/p>\n<\/div>\n<div class=\"col-6\">\n<h2> <\/h2>\n<h2>News E<\/h2>\n<p><span style=\"font-weight: 400;\">Article de blog avec lien DoFollow &#8211; sans r\u00e9daction ni vid\u00e9o int\u00e9gr\u00e9e. <\/span><span style=\"font-size: 1rem;\">Authority Score: 43.<\/span><\/div>\n<\/div>\n<\/div>\n\t\t\t\t\t\t\t<\/div>\n\t\t<\/div>\n\t\t\t\t\t\t<\/div>\n\t\t\t\t<\/div>\n\t\t\t\t<div class=\"elementor-element elementor-element-20122e1 elementor-widget elementor-widget-text-editor\" data-id=\"20122e1\" data-element_type=\"widget\" data-e-type=\"widget\" data-widget_type=\"text-editor.default\">\n\t\t\t\t<div class=\"elementor-widget-container\">\n\t\t\t\t\t\t\t\t\t<p><style type=\"text\/css\">\n.tg  {border-collapse:collapse;border-spacing:0;}<br \/>\n.tg td{border-color:black;border-style:solid;border-width:1px;font-family:Arial, sans-serif;font-size:14px;<br \/>\n  overflow:hidden;padding:10px 5px;word-break:normal;}<br \/>\n.tg th{border-color:black;border-style:solid;border-width:1px;font-family:Arial, sans-serif;font-size:14px;<br \/>\n  font-weight:normal;overflow:hidden;padding:10px 5px;word-break:normal;}<br \/>\n.tg .tg-c3ow{border-color:inherit;text-align:center;vertical-align:top}<br \/>\n.tg .tg-0pky{border-color:inherit;text-align:left;vertical-align:top}<br \/>\n<\/style><\/p>\n<table class=\"tg\" style=\"display:none;\">\n<thead>\n<tr>\n<th class=\"tg-c3ow\">Option<\/th>\n<th class=\"tg-c3ow\">Type<\/th>\n<th class=\"tg-0pky\">Zone<\/th>\n<th class=\"tg-c3ow\">Impressions minimums<\/th>\n<\/tr>\n<\/thead>\n<tbody>\n<tr>\n<td class=\"tg-c3ow\">A<\/td>\n<td class=\"tg-c3ow\">Banni\u00e8re<\/td>\n<td class=\"tg-0pky\">Toutes les pages (en-t\u00eate)<\/td>\n<td class=\"tg-c3ow\">200.000 &#8211; 300.000<\/td>\n<\/tr>\n<tr>\n<td class=\"tg-c3ow\">B<\/td>\n<td class=\"tg-c3ow\">Banni\u00e8re<\/td>\n<td class=\"tg-0pky\">Top 10 des articles les plus vus (en-t\u00eate)<\/td>\n<td class=\"tg-c3ow\">120.000 &#8211; 150.000<\/td>\n<\/tr>\n<tr>\n<td class=\"tg-c3ow\">C<\/td>\n<td class=\"tg-c3ow\">Banni\u00e8re<\/td>\n<td class=\"tg-0pky\">Top 10 des articles les plus vus (int\u00e9rieur de l&rsquo;article)<\/td>\n<td class=\"tg-c3ow\">120.000 &#8211; 150.000<\/td>\n<\/tr>\n<tr>\n<td class=\"tg-c3ow\">D<\/td>\n<td class=\"tg-c3ow\">News<\/td>\n<td class=\"tg-0pky\">Article de blog avec lien DoFollow (avec r\u00e9daction)<br>+ diffusion du RRSS<\/td>\n<td class=\"tg-c3ow\">Authority Score: 55<\/td>\n<\/tr>\n<tr>\n<td class=\"tg-c3ow\">E<\/td>\n<td class=\"tg-c3ow\">News<\/td>\n<td class=\"tg-0pky\">Article de blog avec lien DoFollow (sans r\u00e9daction)<br>+ diffusion du RRSS<\/td>\n<td class=\"tg-c3ow\">Authority Score: 55<\/td>\n<\/tr>\n<tr>\n<td class=\"tg-c3ow\">F<\/td>\n<td class=\"tg-c3ow\">Newsletter<\/td>\n<td class=\"tg-0pky\">Insertion de bulletins d&rsquo;information (BBDD 6K)<\/td>\n<td class=\"tg-c3ow\">Taux d&rsquo;ouverture moyen : 12 %.<\/td>\n<\/tr>\n<\/tbody>\n<\/table>\t\t\t\t\t\t\t\t<\/div>\n\t\t\t\t<\/div>\n\t\t\t\t\t<\/div>\n\t\t<\/div>\n\t\t\t\t\t<\/div>\n\t\t<\/section>\n\t\t\t\t<section class=\"elementor-section elementor-top-section elementor-element elementor-element-f18f6e5 elementor-section-boxed elementor-section-height-default elementor-section-height-default\" data-id=\"f18f6e5\" data-element_type=\"section\" data-e-type=\"section\">\n\t\t\t\t\t\t<div class=\"elementor-container elementor-column-gap-default\">\n\t\t\t\t\t<div class=\"elementor-column elementor-col-100 elementor-top-column elementor-element elementor-element-c2e2aac\" data-id=\"c2e2aac\" data-element_type=\"column\" data-e-type=\"column\">\n\t\t\t<div class=\"elementor-widget-wrap elementor-element-populated\">\n\t\t\t\t\t\t<div class=\"elementor-element elementor-element-9e8421e elementor-align-center elementor-widget elementor-widget-button\" data-id=\"9e8421e\" data-element_type=\"widget\" data-e-type=\"widget\" data-widget_type=\"button.default\">\n\t\t\t\t<div class=\"elementor-widget-container\">\n\t\t\t\t\t\t\t\t\t<div class=\"elementor-button-wrapper\">\n\t\t\t\t\t<a class=\"elementor-button elementor-button-link elementor-size-sm\" href=\"https:\/\/form.123formbuilder.com\/6352427\/elblogdeidiomas-es-espacios-publicitarios\">\n\t\t\t\t\t\t<span class=\"elementor-button-content-wrapper\">\n\t\t\t\t\t\t\t\t\t<span class=\"elementor-button-text\">Je voudrais un devis<\/span>\n\t\t\t\t\t<\/span>\n\t\t\t\t\t<\/a>\n\t\t\t\t<\/div>\n\t\t\t\t\t\t\t\t<\/div>\n\t\t\t\t<\/div>\n\t\t\t\t\t<\/div>\n\t\t<\/div>\n\t\t\t\t\t<\/div>\n\t\t<\/section>\n\t\t\t\t<\/div>\n\t\t","protected":false},"excerpt":{"rendered":"<p>Formats et espaces disponibles. Oui, Elblogdeidiomas.es est l&rsquo;espace parfait pour votre entreprise ! Banni\u00e8re A Banni\u00e8re B Banni\u00e8re C News D News E Banni\u00e8re A Banni\u00e8re A Pr\u00e9sence sur toutes les pages (en-t\u00eate) de Elblogdeidiomas.es Banni\u00e8re B Banni\u00e8re B Pr\u00e9sence en en-t\u00eate du Top 10 des articles les plus consult\u00e9s sur Elblogdeidiomas.es Banni\u00e8re C Banni\u00e8re [&hellip;]<\/p>\n","protected":false},"author":1,"featured_media":0,"parent":0,"menu_order":0,"comment_status":"closed","ping_status":"closed","template":"elementor_header_footer","meta":{"_acf_changed":false,"footnotes":""},"class_list":["post-328","page","type-page","status-publish","hentry"],"acf":[],"_links":{"self":[{"href":"https:\/\/campaigns.elblogdeidiomas.es\/fr\/wp-json\/wp\/v2\/pages\/328","targetHints":{"allow":["GET"]}}],"collection":[{"href":"https:\/\/campaigns.elblogdeidiomas.es\/fr\/wp-json\/wp\/v2\/pages"}],"about":[{"href":"https:\/\/campaigns.elblogdeidiomas.es\/fr\/wp-json\/wp\/v2\/types\/page"}],"author":[{"embeddable":true,"href":"https:\/\/campaigns.elblogdeidiomas.es\/fr\/wp-json\/wp\/v2\/users\/1"}],"replies":[{"embeddable":true,"href":"https:\/\/campaigns.elblogdeidiomas.es\/fr\/wp-json\/wp\/v2\/comments?post=328"}],"version-history":[{"count":4,"href":"https:\/\/campaigns.elblogdeidiomas.es\/fr\/wp-json\/wp\/v2\/pages\/328\/revisions"}],"predecessor-version":[{"id":333,"href":"https:\/\/campaigns.elblogdeidiomas.es\/fr\/wp-json\/wp\/v2\/pages\/328\/revisions\/333"}],"wp:attachment":[{"href":"https:\/\/campaigns.elblogdeidiomas.es\/fr\/wp-json\/wp\/v2\/media?parent=328"}],"curies":[{"name":"wp","href":"https:\/\/api.w.org\/{rel}","templated":true}]}}